{"id":10,"date":"2018-09-26T10:18:14","date_gmt":"2018-09-26T10:18:14","guid":{"rendered":"https:\/\/fabvr.chaireip.fr\/?page_id=10"},"modified":"2019-01-08T15:10:32","modified_gmt":"2019-01-08T15:10:32","slug":"fab-vr","status":"publish","type":"page","link":"https:\/\/fabvr.chaireip.fr\/","title":{"rendered":"FAB VR"},"content":{"rendered":"<p>[vc_row row_height_percent=\u00a0\u00bb90&Prime; back_image=\u00a0\u00bb17&Prime; overlay_color=\u00a0\u00bbcolor-jevc\u00a0\u00bb overlay_alpha=\u00a0\u00bb15&Prime; gutter_size=\u00a0\u00bb3&Prime; column_width_percent=\u00a0\u00bb100&Prime; shift_y=\u00a0\u00bb0&Prime; z_index=\u00a0\u00bb0&Prime;][vc_column column_width_percent=\u00a0\u00bb100&Prime; position_vertical=\u00a0\u00bbmiddle\u00a0\u00bb align_horizontal=\u00a0\u00bbalign_center\u00a0\u00bb font_family=\u00a0\u00bbfont-166476&Prime; overlay_alpha=\u00a0\u00bb50&Prime; gutter_size=\u00a0\u00bb3&Prime; align_medium=\u00a0\u00bbalign_center_tablet\u00a0\u00bb medium_width=\u00a0\u00bb0&Prime; align_mobile=\u00a0\u00bbalign_center_mobile\u00a0\u00bb mobile_width=\u00a0\u00bb0&Prime; shift_x=\u00a0\u00bb0&Prime; shift_y=\u00a0\u00bb0&Prime; shift_y_down=\u00a0\u00bb0&Prime; z_index=\u00a0\u00bb0&Prime; width=\u00a0\u00bb1\/1&Prime;][vc_custom_heading text_size=\u00a0\u00bbh1&Prime; text_font=\u00a0\u00bbfont-166476&Prime; text_color=\u00a0\u00bbcolor-185556&Prime; css_animation=\u00a0\u00bbalpha-anim\u00a0\u00bb]FAB VR[\/vc_custom_heading][vc_separator sep_color=\u00a0\u00bbcolor-185556&Prime; type=\u00a0\u00bbdotted\u00a0\u00bb][vc_custom_heading text_size=\u00a0\u00bbfontsize-338686&Prime; text_font=\u00a0\u00bbfont-166476&Prime; text_color=\u00a0\u00bbcolor-185556&Prime; css_animation=\u00a0\u00bbalpha-anim\u00a0\u00bb]LA PETITE FABRIQUE<br \/>\n\u00c0 R\u00c9ALIT\u00c9 VIRTUELLE[\/vc_custom_heading][vc_separator sep_color=\u00a0\u00bbcolor-185556&Prime; type=\u00a0\u00bbdotted\u00a0\u00bb][vc_custom_heading text_font=\u00a0\u00bbfont-166476&Prime; text_weight=\u00a0\u00bb400&Prime; text_transform=\u00a0\u00bbuppercase\u00a0\u00bb text_color=\u00a0\u00bbcolor-185556&Prime; css_animation=\u00a0\u00bbalpha-anim\u00a0\u00bb]R\u00e9alisez et partagez vos vid\u00e9o 360\u00b0[\/vc_custom_heading][\/vc_column][\/vc_row][vc_row row_height_percent=\u00a0\u00bb73&Prime; back_color=\u00a0\u00bbcolor-649046&Prime; overlay_alpha=\u00a0\u00bb40&Prime; gutter_size=\u00a0\u00bb3&Prime; column_width_percent=\u00a0\u00bb100&Prime; shift_y=\u00a0\u00bb0&Prime; z_index=\u00a0\u00bb0&Prime; row_name=\u00a0\u00bbSCENARIO\u00a0\u00bb][vc_column column_width_percent=\u00a0\u00bb100&Prime; position_horizontal=\u00a0\u00bbleft\u00a0\u00bb position_vertical=\u00a0\u00bbmiddle\u00a0\u00bb font_family=\u00a0\u00bbfont-166476&Prime; overlay_alpha=\u00a0\u00bb50&Prime; gutter_size=\u00a0\u00bb3&Prime; align_medium=\u00a0\u00bbalign_center_tablet\u00a0\u00bb medium_width=\u00a0\u00bb0&Prime; align_mobile=\u00a0\u00bbalign_center_mobile\u00a0\u00bb mobile_width=\u00a0\u00bb0&Prime; shift_x=\u00a0\u00bb0&Prime; shift_y=\u00a0\u00bb0&Prime; shift_y_down=\u00a0\u00bb0&Prime; z_index=\u00a0\u00bb0&Prime; width=\u00a0\u00bb1\/2&Prime;][vc_custom_heading text_size=\u00a0\u00bbh1&Prime; text_font=\u00a0\u00bbfont-166476&Prime; text_weight=\u00a0\u00bb400&Prime; text_color=\u00a0\u00bbcolor-185556&Prime; css_animation=\u00a0\u00bbalpha-anim\u00a0\u00bb]imaginer un[\/vc_custom_heading][vc_custom_heading text_size=\u00a0\u00bbbigtext\u00a0\u00bb text_height=\u00a0\u00bbfontheight-578034&Prime; text_font=\u00a0\u00bbfont-166476&Prime; text_weight=\u00a0\u00bb800&Prime; text_color=\u00a0\u00bbcolor-185556&Prime; sub_reduced=\u00a0\u00bbyes\u00a0\u00bb css_animation=\u00a0\u00bbalpha-anim\u00a0\u00bb]<\/p>\n<div class=\"page\" title=\"Page 1\">\n<div class=\"section\">\n<div class=\"layoutArea\">\n<div class=\"column\">\n<p>sc\u00e9nario \u00e0 360\u00b0<\/p>\n<\/div>\n<\/div>\n<\/div>\n<\/div>\n<p>[\/vc_custom_heading][vc_separator sep_color=\u00a0\u00bbcolor-185556&Prime; type=\u00a0\u00bbdotted\u00a0\u00bb][vc_custom_heading heading_semantic=\u00a0\u00bbh5&Prime; text_size=\u00a0\u00bbh5&Prime; text_font=\u00a0\u00bbfont-166476&Prime; text_weight=\u00a0\u00bb400&Prime; text_color=\u00a0\u00bbcolor-185556&Prime; css_animation=\u00a0\u00bbalpha-anim\u00a0\u00bb]<\/p>\n<div class=\"page\" title=\"Page 1\">\n<div class=\"section\">\n<div class=\"layoutArea\">\n<div class=\"column\">\n<p><span style=\"font-weight: 400;\">Regarder une vid\u00e9o en r\u00e9alit\u00e9 virtuelle c\u2019est un peu comme entrer dans un tableau au lieu de le regarder de l\u2019ext\u00e9rieur. C\u2019est une exp\u00e9rience immersive et physique. Pour concevoir un sc\u00e9nario \u00e0 360\u00b0, le plus simple c\u2019est d\u2019imaginer dans quel univers vous voulez plonger votre spectateur, puis une fois qu\u2019il est dedans ce qu\u2019il va y d\u00e9couvrir, \u00e9tape par \u00e9tape, en tournant sur lui-m\u00eame.<\/span><\/p>\n<\/div>\n<\/div>\n<\/div>\n<\/div>\n<p>[\/vc_custom_heading][vc_custom_heading heading_semantic=\u00a0\u00bbh5&Prime; text_size=\u00a0\u00bbh5&Prime; text_font=\u00a0\u00bbfont-166476&Prime; text_weight=\u00a0\u00bb300&Prime; text_color=\u00a0\u00bbcolor-185556&Prime; css_animation=\u00a0\u00bbalpha-anim\u00a0\u00bb]<\/p>\n<div class=\"page\" title=\"Page 1\">\n<div class=\"section\">\n<div class=\"layoutArea\">\n<div class=\"column\">\n<div class=\"page\" title=\"Page 1\">\n<div class=\"section\">\n<div class=\"layoutArea\">\n<div class=\"column\">\n<p><span style=\"font-weight: 400;\">Ici deux supports \u00e0 imprimer pour imaginer plus facilement votre sc\u00e9nario, seul ou \u00e0 plusieurs.<\/span><\/p>\n<\/div>\n<\/div>\n<\/div>\n<\/div>\n<\/div>\n<\/div>\n<\/div>\n<\/div>\n<p>[\/vc_custom_heading][vc_button button_color=\u00a0\u00bbcolor-185556&Prime; radius=\u00a0\u00bbbtn-round\u00a0\u00bb outline=\u00a0\u00bbyes\u00a0\u00bb border_width=\u00a0\u00bb0&Prime; display=\u00a0\u00bbinline\u00a0\u00bb top_margin=\u00a0\u00bbyes\u00a0\u00bb link=\u00a0\u00bburl:https%3A%2F%2Ffabvr.chaireip.fr%2Fwp-content%2Fuploads%2F2018%2F09%2FSupportScenario_FabVR.pdf||target:%20_blank|\u00a0\u00bb]T\u00c9L\u00c9CHARGER[\/vc_button][\/vc_column][vc_column column_width_percent=\u00a0\u00bb100&Prime; position_vertical=\u00a0\u00bbmiddle\u00a0\u00bb align_horizontal=\u00a0\u00bbalign_right\u00a0\u00bb overlay_alpha=\u00a0\u00bb50&Prime; gutter_size=\u00a0\u00bb3&Prime; medium_width=\u00a0\u00bb0&Prime; mobile_width=\u00a0\u00bb0&Prime; shift_x=\u00a0\u00bb0&Prime; shift_y=\u00a0\u00bb0&Prime; shift_y_down=\u00a0\u00bb0&Prime; z_index=\u00a0\u00bb0&Prime; width=\u00a0\u00bb1\/2&Prime;][vc_single_image media=\u00a0\u00bb173&Prime; media_width_percent=\u00a0\u00bb74&Prime; alignment=\u00a0\u00bbcenter\u00a0\u00bb][\/vc_column][\/vc_row][vc_row row_height_percent=\u00a0\u00bb73&Prime; back_color=\u00a0\u00bbcolor-185556&Prime; overlay_alpha=\u00a0\u00bb40&Prime; gutter_size=\u00a0\u00bb3&Prime; column_width_percent=\u00a0\u00bb100&Prime; shift_y=\u00a0\u00bb0&Prime; z_index=\u00a0\u00bb0&Prime; row_name=\u00a0\u00bbD\u00c9MOS\u00a0\u00bb][vc_column column_width_percent=\u00a0\u00bb100&Prime; position_horizontal=\u00a0\u00bbleft\u00a0\u00bb position_vertical=\u00a0\u00bbmiddle\u00a0\u00bb font_family=\u00a0\u00bbfont-166476&Prime; overlay_alpha=\u00a0\u00bb50&Prime; gutter_size=\u00a0\u00bb3&Prime; align_medium=\u00a0\u00bbalign_center_tablet\u00a0\u00bb medium_width=\u00a0\u00bb0&Prime; align_mobile=\u00a0\u00bbalign_center_mobile\u00a0\u00bb mobile_width=\u00a0\u00bb0&Prime; shift_x=\u00a0\u00bb0&Prime; shift_y=\u00a0\u00bb0&Prime; shift_y_down=\u00a0\u00bb0&Prime; z_index=\u00a0\u00bb0&Prime; width=\u00a0\u00bb1\/2&Prime;][vc_custom_heading text_size=\u00a0\u00bbh1&Prime; text_font=\u00a0\u00bbfont-166476&Prime; text_weight=\u00a0\u00bb400&Prime; text_color=\u00a0\u00bbcolor-649046&Prime; css_animation=\u00a0\u00bbalpha-anim\u00a0\u00bb]<\/p>\n<div class=\"page\" title=\"Page 1\">\n<div class=\"section\">\n<div class=\"layoutArea\">\n<div class=\"column\">\n<p>filmer un<\/p>\n<\/div>\n<\/div>\n<\/div>\n<\/div>\n<p>[\/vc_custom_heading][vc_custom_heading text_size=\u00a0\u00bbbigtext\u00a0\u00bb text_height=\u00a0\u00bbfontheight-578034&Prime; text_font=\u00a0\u00bbfont-166476&Prime; text_weight=\u00a0\u00bb800&Prime; text_color=\u00a0\u00bbcolor-649046&Prime; css_animation=\u00a0\u00bbalpha-anim\u00a0\u00bb]<\/p>\n<div class=\"page\" title=\"Page 1\">\n<div class=\"section\">\n<div class=\"layoutArea\">\n<div class=\"column\">\n<p><span style=\"font-weight: 400;\">univers immersif<\/span><\/p>\n<\/div>\n<\/div>\n<\/div>\n<\/div>\n<p>[\/vc_custom_heading][vc_separator sep_color=\u00a0\u00bbcolor-649046&Prime; type=\u00a0\u00bbdotted\u00a0\u00bb][vc_custom_heading heading_semantic=\u00a0\u00bbh5&Prime; text_size=\u00a0\u00bbh5&Prime; text_font=\u00a0\u00bbfont-166476&Prime; text_weight=\u00a0\u00bb400&Prime; text_color=\u00a0\u00bbcolor-649046&Prime; css_animation=\u00a0\u00bbalpha-anim\u00a0\u00bb]<\/p>\n<div class=\"page\" title=\"Page 1\">\n<div class=\"section\">\n<div class=\"layoutArea\">\n<div class=\"column\">\n<p><span style=\"font-weight: 400;\">Un bon univers immersif repose sur un d\u00e9cor, une bande son et quelques effets bien choisis pour captiver le spectateur.\u00a0<\/span><\/p>\n<\/div>\n<\/div>\n<\/div>\n<\/div>\n<p>[\/vc_custom_heading][vc_custom_heading heading_semantic=\u00a0\u00bbh5&Prime; text_size=\u00a0\u00bbh5&Prime; text_font=\u00a0\u00bbfont-166476&Prime; text_weight=\u00a0\u00bb300&Prime; text_color=\u00a0\u00bbcolor-649046&Prime; css_animation=\u00a0\u00bbalpha-anim\u00a0\u00bb]<\/p>\n<div class=\"page\" title=\"Page 1\">\n<div class=\"section\">\n<div class=\"layoutArea\">\n<div class=\"column\">\n<div class=\"page\" title=\"Page 1\">\n<div class=\"section\">\n<div class=\"layoutArea\">\n<div class=\"column\">\n<p>Voici 3 d\u00e9mo imagin\u00e9es pour vous inspirer et vous conseiller dans la r\u00e9alisation de votre film. Elles sont accompagn\u00e9es des conseils de notre experte VR et de liens vers des ressources libres de droit.<\/p>\n<\/div>\n<\/div>\n<\/div>\n<\/div>\n<\/div>\n<\/div>\n<\/div>\n<\/div>\n<p>[\/vc_custom_heading][vc_button button_color=\u00a0\u00bbcolor-649046&Prime; radius=\u00a0\u00bbbtn-round\u00a0\u00bb outline=\u00a0\u00bbyes\u00a0\u00bb border_width=\u00a0\u00bb0&Prime; display=\u00a0\u00bbinline\u00a0\u00bb top_margin=\u00a0\u00bbyes\u00a0\u00bb link=\u00a0\u00bburl:https%3A%2F%2Ffabvr.chaireip.fr%2Findex.php%2Fexplorer%2F||target:%20_blank|\u00a0\u00bb]D\u00c9MO[\/vc_button][\/vc_column][vc_column column_width_percent=\u00a0\u00bb100&Prime; position_vertical=\u00a0\u00bbmiddle\u00a0\u00bb align_horizontal=\u00a0\u00bbalign_right\u00a0\u00bb overlay_alpha=\u00a0\u00bb50&Prime; gutter_size=\u00a0\u00bb3&Prime; medium_width=\u00a0\u00bb0&Prime; mobile_width=\u00a0\u00bb0&Prime; shift_x=\u00a0\u00bb0&Prime; shift_y=\u00a0\u00bb0&Prime; shift_y_down=\u00a0\u00bb0&Prime; z_index=\u00a0\u00bb0&Prime; width=\u00a0\u00bb1\/2&Prime;][vc_single_image media=\u00a0\u00bb175&Prime; media_width_percent=\u00a0\u00bb74&Prime; alignment=\u00a0\u00bbcenter\u00a0\u00bb][\/vc_column][\/vc_row][vc_row row_height_percent=\u00a0\u00bb73&Prime; back_color=\u00a0\u00bbcolor-649046&Prime; overlay_alpha=\u00a0\u00bb40&Prime; gutter_size=\u00a0\u00bb3&Prime; column_width_percent=\u00a0\u00bb100&Prime; shift_y=\u00a0\u00bb0&Prime; z_index=\u00a0\u00bb0&Prime; row_name=\u00a0\u00bbMAT\u00c9RIEL\u00a0\u00bb][vc_column column_width_percent=\u00a0\u00bb100&Prime; position_horizontal=\u00a0\u00bbleft\u00a0\u00bb position_vertical=\u00a0\u00bbmiddle\u00a0\u00bb font_family=\u00a0\u00bbfont-166476&Prime; overlay_alpha=\u00a0\u00bb50&Prime; gutter_size=\u00a0\u00bb3&Prime; align_medium=\u00a0\u00bbalign_center_tablet\u00a0\u00bb medium_width=\u00a0\u00bb0&Prime; align_mobile=\u00a0\u00bbalign_center_mobile\u00a0\u00bb mobile_width=\u00a0\u00bb0&Prime; shift_x=\u00a0\u00bb0&Prime; shift_y=\u00a0\u00bb0&Prime; shift_y_down=\u00a0\u00bb0&Prime; z_index=\u00a0\u00bb0&Prime; width=\u00a0\u00bb1\/2&Prime;][vc_custom_heading text_size=\u00a0\u00bbh1&Prime; text_font=\u00a0\u00bbfont-166476&Prime; text_weight=\u00a0\u00bb400&Prime; text_color=\u00a0\u00bbcolor-185556&Prime; css_animation=\u00a0\u00bbalpha-anim\u00a0\u00bb]<\/p>\n<div class=\"page\" title=\"Page 1\">\n<div class=\"section\">\n<div class=\"layoutArea\">\n<div class=\"column\">\n<p><span style=\"font-weight: 400;\">utiliser le<\/span><\/p>\n<\/div>\n<\/div>\n<\/div>\n<\/div>\n<p>[\/vc_custom_heading][vc_custom_heading text_size=\u00a0\u00bbbigtext\u00a0\u00bb text_height=\u00a0\u00bbfontheight-578034&Prime; text_font=\u00a0\u00bbfont-166476&Prime; text_weight=\u00a0\u00bb800&Prime; text_color=\u00a0\u00bbcolor-185556&Prime; css_animation=\u00a0\u00bbalpha-anim\u00a0\u00bb]<\/p>\n<div class=\"page\" title=\"Page 1\">\n<div class=\"section\">\n<div class=\"layoutArea\">\n<div class=\"column\">\n<p><span style=\"font-weight: 400;\">mat\u00e9riel VR<\/span><\/p>\n<\/div>\n<\/div>\n<\/div>\n<\/div>\n<p>[\/vc_custom_heading][vc_separator sep_color=\u00a0\u00bbcolor-185556&Prime; type=\u00a0\u00bbdotted\u00a0\u00bb][vc_custom_heading heading_semantic=\u00a0\u00bbh5&Prime; text_size=\u00a0\u00bbh5&Prime; text_font=\u00a0\u00bbfont-166476&Prime; text_weight=\u00a0\u00bb400&Prime; text_color=\u00a0\u00bbcolor-185556&Prime; css_animation=\u00a0\u00bbalpha-anim\u00a0\u00bb]<\/p>\n<div class=\"page\" title=\"Page 1\">\n<div class=\"section\">\n<div class=\"layoutArea\">\n<div class=\"column\">\n<p><span style=\"font-weight: 400;\">Pour tourner votre vid\u00e9o 360\u00b0 et faire l\u2019exp\u00e9rience de la r\u00e9alit\u00e9 virtuelle \u201cfait maison\u201d, il vous faut du mat\u00e9riel adapt\u00e9 :<\/span><\/p>\n<\/div>\n<\/div>\n<\/div>\n<\/div>\n<p>[\/vc_custom_heading][vc_column_text]<span style=\"color: #ecfc54;\"><span style=\"font-weight: 400;\">&#8211; une cam\u00e9ra 360\u00b0<br \/>\n<\/span><span style=\"font-weight: 400;\">&#8211; un casque de r\u00e9alit\u00e9 virtuelle<br \/>\n<\/span><span style=\"font-weight: 400;\">&#8211; un smartphone compatible<br \/>\n<\/span><span style=\"font-weight: 400;\">&#8211; un micro pour la voix off (ou le micro d\u2019un smartphone)<br \/>\n<\/span><span style=\"font-weight: 400;\">&#8211; un ordinateur pour la montage final<\/span><\/span>[\/vc_column_text][vc_custom_heading heading_semantic=\u00a0\u00bbh5&Prime; text_size=\u00a0\u00bbh5&Prime; text_font=\u00a0\u00bbfont-166476&Prime; text_weight=\u00a0\u00bb300&Prime; text_color=\u00a0\u00bbcolor-185556&Prime; css_animation=\u00a0\u00bbalpha-anim\u00a0\u00bb]<\/p>\n<div class=\"page\" title=\"Page 1\">\n<div class=\"section\">\n<div class=\"layoutArea\">\n<div class=\"column\">\n<div class=\"page\" title=\"Page 1\">\n<div class=\"section\">\n<div class=\"layoutArea\">\n<div class=\"column\">\n<p><span style=\"font-weight: 400;\">Voici un guide pour vous aider \u00e0 choisir votre mat\u00e9riel de VR ainsi qu\u2019un tutoriel pour vous accompagner de la mise en route au montage de votre projet.<\/span><\/p>\n<\/div>\n<\/div>\n<\/div>\n<\/div>\n<\/div>\n<\/div>\n<\/div>\n<\/div>\n<p>[\/vc_custom_heading][vc_button button_color=\u00a0\u00bbcolor-185556&Prime; radius=\u00a0\u00bbbtn-round\u00a0\u00bb outline=\u00a0\u00bbyes\u00a0\u00bb border_width=\u00a0\u00bb0&Prime; display=\u00a0\u00bbinline\u00a0\u00bb top_margin=\u00a0\u00bbyes\u00a0\u00bb link=\u00a0\u00bburl:https%3A%2F%2Ffabvr.chaireip.fr%2Fwp-content%2Fuploads%2F2018%2F09%2FTuto_FabVR.pdf||target:%20_blank|rel:nofollow\u00a0\u00bb]T\u00c9L\u00c9CHARGER[\/vc_button][\/vc_column][vc_column column_width_percent=\u00a0\u00bb100&Prime; position_vertical=\u00a0\u00bbmiddle\u00a0\u00bb align_horizontal=\u00a0\u00bbalign_right\u00a0\u00bb overlay_alpha=\u00a0\u00bb50&Prime; gutter_size=\u00a0\u00bb3&Prime; medium_width=\u00a0\u00bb0&Prime; mobile_width=\u00a0\u00bb0&Prime; shift_x=\u00a0\u00bb0&Prime; shift_y=\u00a0\u00bb0&Prime; shift_y_down=\u00a0\u00bb0&Prime; z_index=\u00a0\u00bb0&Prime; width=\u00a0\u00bb1\/2&Prime;][vc_single_image media=\u00a0\u00bb174&Prime; media_width_percent=\u00a0\u00bb78&Prime; alignment=\u00a0\u00bbcenter\u00a0\u00bb][\/vc_column][\/vc_row][vc_row row_height_percent=\u00a0\u00bb73&Prime; back_color=\u00a0\u00bbcolor-185556&Prime; overlay_alpha=\u00a0\u00bb40&Prime; gutter_size=\u00a0\u00bb3&Prime; column_width_percent=\u00a0\u00bb100&Prime; shift_y=\u00a0\u00bb0&Prime; z_index=\u00a0\u00bb0&Prime; row_name=\u00a0\u00bbchaine\u00a0\u00bb][vc_column column_width_percent=\u00a0\u00bb100&Prime; position_horizontal=\u00a0\u00bbleft\u00a0\u00bb position_vertical=\u00a0\u00bbmiddle\u00a0\u00bb font_family=\u00a0\u00bbfont-166476&Prime; overlay_alpha=\u00a0\u00bb50&Prime; gutter_size=\u00a0\u00bb3&Prime; align_medium=\u00a0\u00bbalign_center_tablet\u00a0\u00bb medium_width=\u00a0\u00bb0&Prime; align_mobile=\u00a0\u00bbalign_center_mobile\u00a0\u00bb mobile_width=\u00a0\u00bb0&Prime; shift_x=\u00a0\u00bb0&Prime; shift_y=\u00a0\u00bb0&Prime; shift_y_down=\u00a0\u00bb0&Prime; z_index=\u00a0\u00bb0&Prime; width=\u00a0\u00bb1\/2&Prime;][vc_custom_heading text_size=\u00a0\u00bbh1&Prime; text_font=\u00a0\u00bbfont-166476&Prime; text_weight=\u00a0\u00bb400&Prime; text_color=\u00a0\u00bbcolor-649046&Prime; css_animation=\u00a0\u00bbalpha-anim\u00a0\u00bb]<\/p>\n<div class=\"page\" title=\"Page 1\">\n<div class=\"section\">\n<div class=\"layoutArea\">\n<div class=\"column\">\n<p>partager<\/p>\n<\/div>\n<\/div>\n<\/div>\n<\/div>\n<p>[\/vc_custom_heading][vc_custom_heading text_size=\u00a0\u00bbbigtext\u00a0\u00bb text_height=\u00a0\u00bbfontheight-578034&Prime; text_font=\u00a0\u00bbfont-166476&Prime; text_weight=\u00a0\u00bb800&Prime; text_color=\u00a0\u00bbcolor-649046&Prime; css_animation=\u00a0\u00bbalpha-anim\u00a0\u00bb]<\/p>\n<div class=\"page\" title=\"Page 1\">\n<div class=\"section\">\n<div class=\"layoutArea\">\n<div class=\"column\">\n<p><span style=\"font-weight: 400;\">ma vid\u00e9o<\/span><\/p>\n<\/div>\n<\/div>\n<\/div>\n<\/div>\n<p>[\/vc_custom_heading][vc_separator sep_color=\u00a0\u00bbcolor-649046&Prime; type=\u00a0\u00bbdotted\u00a0\u00bb][vc_custom_heading heading_semantic=\u00a0\u00bbh5&Prime; text_size=\u00a0\u00bbh5&Prime; text_font=\u00a0\u00bbfont-166476&Prime; text_weight=\u00a0\u00bb400&Prime; text_color=\u00a0\u00bbcolor-649046&Prime; css_animation=\u00a0\u00bbalpha-anim\u00a0\u00bb]<\/p>\n<div class=\"page\" title=\"Page 1\">\n<div class=\"section\">\n<div class=\"layoutArea\">\n<div class=\"column\">\n<p><span style=\"font-weight: 400;\">Participez \u00e0 l\u2019aventure Fab VR !<\/span><\/p>\n<p>&nbsp;<\/p>\n<p><span style=\"font-weight: 400;\">Contactez nous<\/span><span style=\"font-weight: 400;\">\u00a0pour partager vos vid\u00e9os 360\u00b0 sur la cha\u00eene youtube Fab VR ou pour organiser un atelier, un \u00e9v\u00e9nement de fabrication-cr\u00e9ation. <\/span><\/p>\n<\/div>\n<\/div>\n<\/div>\n<\/div>\n<p>[\/vc_custom_heading][vc_button button_color=\u00a0\u00bbcolor-649046&Prime; radius=\u00a0\u00bbbtn-round\u00a0\u00bb outline=\u00a0\u00bbyes\u00a0\u00bb border_width=\u00a0\u00bb0&Prime; display=\u00a0\u00bbinline\u00a0\u00bb top_margin=\u00a0\u00bbyes\u00a0\u00bb link=\u00a0\u00bburl:https%3A%2F%2Fwww.youtube.com%2Fchannel%2FUC-pNe8V5LJGXNMwaFZVBCDA||target:%20_blank|\u00a0\u00bb]EXPLORER[\/vc_button][vc_button button_color=\u00a0\u00bbcolor-649046&Prime; radius=\u00a0\u00bbbtn-round\u00a0\u00bb outline=\u00a0\u00bbyes\u00a0\u00bb border_width=\u00a0\u00bb0&Prime; display=\u00a0\u00bbinline\u00a0\u00bb top_margin=\u00a0\u00bbyes\u00a0\u00bb link=\u00a0\u00bburl:mailto%3Avr.petitefabrique%40gmail.com||target:%20_blank|\u00a0\u00bb]CONTACTER[\/vc_button][\/vc_column][vc_column column_width_percent=\u00a0\u00bb100&Prime; position_vertical=\u00a0\u00bbmiddle\u00a0\u00bb align_horizontal=\u00a0\u00bbalign_right\u00a0\u00bb overlay_alpha=\u00a0\u00bb50&Prime; gutter_size=\u00a0\u00bb3&Prime; medium_width=\u00a0\u00bb0&Prime; mobile_width=\u00a0\u00bb0&Prime; shift_x=\u00a0\u00bb0&Prime; shift_y=\u00a0\u00bb0&Prime; shift_y_down=\u00a0\u00bb0&Prime; z_index=\u00a0\u00bb0&Prime; width=\u00a0\u00bb1\/2&Prime;][vc_single_image media=\u00a0\u00bb217&Prime; media_width_percent=\u00a0\u00bb74&Prime; alignment=\u00a0\u00bbcenter\u00a0\u00bb][\/vc_column][\/vc_row][vc_row row_height_percent=\u00a0\u00bb20&Prime; back_color=\u00a0\u00bbcolor-wayh\u00a0\u00bb overlay_color=\u00a0\u00bbcolor-wayh\u00a0\u00bb overlay_alpha=\u00a0\u00bb40&Prime; gutter_size=\u00a0\u00bb3&Prime; column_width_percent=\u00a0\u00bb100&Prime; shift_y=\u00a0\u00bb0&Prime; z_index=\u00a0\u00bb0&Prime; row_name=\u00a0\u00bbSCENARIO\u00a0\u00bb][vc_column column_width_percent=\u00a0\u00bb100&Prime; position_vertical=\u00a0\u00bbmiddle\u00a0\u00bb align_horizontal=\u00a0\u00bbalign_center\u00a0\u00bb font_family=\u00a0\u00bbfont-166476&Prime; overlay_alpha=\u00a0\u00bb50&Prime; gutter_size=\u00a0\u00bb3&Prime; align_medium=\u00a0\u00bbalign_center_tablet\u00a0\u00bb medium_width=\u00a0\u00bb0&Prime; align_mobile=\u00a0\u00bbalign_center_mobile\u00a0\u00bb mobile_width=\u00a0\u00bb0&Prime; shift_x=\u00a0\u00bb0&Prime; shift_y=\u00a0\u00bb0&Prime; shift_y_down=\u00a0\u00bb0&Prime; z_index=\u00a0\u00bb0&Prime; width=\u00a0\u00bb1\/3&Prime;][vc_single_image media=\u00a0\u00bb46&Prime; media_width_percent=\u00a0\u00bb60&Prime; alignment=\u00a0\u00bbcenter\u00a0\u00bb media_link=\u00a0\u00bburl:https%3A%2F%2Fseinesaintdenis.fr%2F||target:%20_blank|\u00a0\u00bb][\/vc_column][vc_column column_width_percent=\u00a0\u00bb100&Prime; position_vertical=\u00a0\u00bbmiddle\u00a0\u00bb align_horizontal=\u00a0\u00bbalign_center\u00a0\u00bb overlay_alpha=\u00a0\u00bb50&Prime; gutter_size=\u00a0\u00bb3&Prime; medium_width=\u00a0\u00bb0&Prime; mobile_width=\u00a0\u00bb0&Prime; shift_x=\u00a0\u00bb0&Prime; shift_y=\u00a0\u00bb0&Prime; shift_y_down=\u00a0\u00bb0&Prime; z_index=\u00a0\u00bb0&Prime; width=\u00a0\u00bb1\/3&Prime;][vc_single_image media=\u00a0\u00bb47&Prime; media_width_percent=\u00a0\u00bb60&Prime; alignment=\u00a0\u00bbcenter\u00a0\u00bb][\/vc_column][vc_column column_width_percent=\u00a0\u00bb100&Prime; position_vertical=\u00a0\u00bbmiddle\u00a0\u00bb align_horizontal=\u00a0\u00bbalign_center\u00a0\u00bb overlay_alpha=\u00a0\u00bb50&Prime; gutter_size=\u00a0\u00bb3&Prime; medium_width=\u00a0\u00bb0&Prime; mobile_width=\u00a0\u00bb0&Prime; shift_x=\u00a0\u00bb0&Prime; shift_y=\u00a0\u00bb0&Prime; shift_y_down=\u00a0\u00bb0&Prime; z_index=\u00a0\u00bb0&Prime; width=\u00a0\u00bb1\/3&Prime;][vc_single_image media=\u00a0\u00bb48&Prime; media_width_percent=\u00a0\u00bb60&Prime; alignment=\u00a0\u00bbcenter\u00a0\u00bb media_link=\u00a0\u00bburl:https%3A%2F%2Fcri-paris.org||target:%20_blank|\u00a0\u00bb][\/vc_column][\/vc_row][vc_row row_height_percent=\u00a0\u00bb20&Prime; back_color=\u00a0\u00bbcolor-wayh\u00a0\u00bb overlay_color=\u00a0\u00bbcolor-wayh\u00a0\u00bb overlay_alpha=\u00a0\u00bb40&Prime; gutter_size=\u00a0\u00bb3&Prime; column_width_percent=\u00a0\u00bb100&Prime; shift_y=\u00a0\u00bb0&Prime; z_index=\u00a0\u00bb0&Prime; row_name=\u00a0\u00bbSCENARIO\u00a0\u00bb][vc_column column_width_percent=\u00a0\u00bb100&Prime; position_vertical=\u00a0\u00bbmiddle\u00a0\u00bb align_horizontal=\u00a0\u00bbalign_center\u00a0\u00bb font_family=\u00a0\u00bbfont-166476&Prime; overlay_alpha=\u00a0\u00bb50&Prime; gutter_size=\u00a0\u00bb3&Prime; align_medium=\u00a0\u00bbalign_center_tablet\u00a0\u00bb medium_width=\u00a0\u00bb0&Prime; align_mobile=\u00a0\u00bbalign_center_mobile\u00a0\u00bb mobile_width=\u00a0\u00bb0&Prime; shift_x=\u00a0\u00bb0&Prime; shift_y=\u00a0\u00bb0&Prime; shift_y_down=\u00a0\u00bb0&Prime; z_index=\u00a0\u00bb0&Prime; width=\u00a0\u00bb1\/3&Prime;][\/vc_column][vc_column column_width_percent=\u00a0\u00bb100&Prime; position_vertical=\u00a0\u00bbmiddle\u00a0\u00bb align_horizontal=\u00a0\u00bbalign_center\u00a0\u00bb overlay_alpha=\u00a0\u00bb50&Prime; gutter_size=\u00a0\u00bb3&Prime; medium_width=\u00a0\u00bb0&Prime; mobile_width=\u00a0\u00bb0&Prime; shift_x=\u00a0\u00bb0&Prime; shift_y=\u00a0\u00bb0&Prime; shift_y_down=\u00a0\u00bb0&Prime; z_index=\u00a0\u00bb0&Prime; width=\u00a0\u00bb1\/3&Prime;][vc_raw_html]JTNDYSUyMHJlbCUzRCUyMmxpY2Vuc2UlMjIlMjBocmVmJTNEJTIyaHR0cCUzQSUyRiUyRmNyZWF0aXZlY29tbW9ucy5vcmclMkZsaWNlbnNlcyUyRmJ5LW5jLXNhJTJGMy4wJTJGZnIlMkYlMjIlM0UlM0NpbWclMjBhbHQlM0QlMjJMaWNlbmNlJTIwQ3JlYXRpdmUlMjBDb21tb25zJTIyJTIwc3R5bGUlM0QlMjJib3JkZXItd2lkdGglM0EwJTIyJTIwc3JjJTNEJTIyaHR0cHMlM0ElMkYlMkZpLmNyZWF0aXZlY29tbW9ucy5vcmclMkZsJTJGYnktbmMtc2ElMkYzLjAlMkZmciUyRjg4eDMxLnBuZyUyMiUyMCUyRiUzRSUzQyUyRmElM0UlM0NiciUyMCUyRiUzRUNlJTI4dHRlJTI5JTIwJUM1JTkzdXZyZSUyMGVzdCUyMG1pc2UlMjAlQzMlQTAlMjBkaXNwb3NpdGlvbiUyMHNlbG9uJTIwbGVzJTIwdGVybWVzJTIwZGUlMjBsYSUyMCUzQ2ElMjByZWwlM0QlMjJsaWNlbnNlJTIyJTIwaHJlZiUzRCUyMmh0dHAlM0ElMkYlMkZjcmVhdGl2ZWNvbW1vbnMub3JnJTJGbGljZW5zZXMlMkZieS1uYy1zYSUyRjMuMCUyRmZyJTJGJTIyJTNFTGljZW5jZSUyMENyZWF0aXZlJTIwQ29tbW9ucyUyMEF0dHJpYnV0aW9uJTIwLSUyMFBhcyUyMGQlRTIlODAlOTlVdGlsaXNhdGlvbiUyMENvbW1lcmNpYWxlJTIwLSUyMFBhcnRhZ2UlMjBkYW5zJTIwbGVzJTIwTSVDMyVBQW1lcyUyMENvbmRpdGlvbnMlMjAzLjAlMjBGcmFuY2UlM0MlMkZhJTNFLg==[\/vc_raw_html][\/vc_column][vc_column column_width_percent=\u00a0\u00bb100&Prime; position_vertical=\u00a0\u00bbmiddle\u00a0\u00bb align_horizontal=\u00a0\u00bbalign_center\u00a0\u00bb overlay_alpha=\u00a0\u00bb50&Prime; gutter_size=\u00a0\u00bb3&Prime; medium_width=\u00a0\u00bb0&Prime; mobile_width=\u00a0\u00bb0&Prime; shift_x=\u00a0\u00bb0&Prime; shift_y=\u00a0\u00bb0&Prime; shift_y_down=\u00a0\u00bb0&Prime; z_index=\u00a0\u00bb0&Prime; width=\u00a0\u00bb1\/3&Prime;][\/vc_column][\/vc_row]<\/p>\n","protected":false},"excerpt":{"rendered":"<p>[vc_row row_height_percent=\u00a0\u00bb90&Prime; back_image=\u00a0\u00bb17&Prime; overlay_color=\u00a0\u00bbcolor-jevc\u00a0\u00bb overlay_alpha=\u00a0\u00bb15&Prime; gutter_size=\u00a0\u00bb3&Prime; column_width_percent=\u00a0\u00bb100&Prime; shift_y=\u00a0\u00bb0&Prime; z_index=\u00a0\u00bb0&Prime;][vc_column column_width_percent=\u00a0\u00bb100&Prime; position_vertical=\u00a0\u00bbmiddle\u00a0\u00bb align_horizontal=\u00a0\u00bbalign_center\u00a0\u00bb font_family=\u00a0\u00bbfont-166476&Prime; overlay_alpha=\u00a0\u00bb50&Prime; gutter_size=\u00a0\u00bb3&Prime; align_medium=\u00a0\u00bbalign_center_tablet\u00a0\u00bb medium_width=\u00a0\u00bb0&Prime; align_mobile=\u00a0\u00bbalign_center_mobile\u00a0\u00bb mobile_width=\u00a0\u00bb0&Prime; shift_x=\u00a0\u00bb0&Prime; [&hellip;]<\/p>\n","protected":false},"author":2,"featured_media":0,"parent":0,"menu_order":0,"comment_status":"closed","ping_status":"closed","template":"","meta":[],"_links":{"self":[{"href":"https:\/\/fabvr.chaireip.fr\/index.php\/wp-json\/wp\/v2\/pages\/10"}],"collection":[{"href":"https:\/\/fabvr.chaireip.fr\/index.php\/wp-json\/wp\/v2\/pages"}],"about":[{"href":"https:\/\/fabvr.chaireip.fr\/index.php\/wp-json\/wp\/v2\/types\/page"}],"author":[{"embeddable":true,"href":"https:\/\/fabvr.chaireip.fr\/index.php\/wp-json\/wp\/v2\/users\/2"}],"replies":[{"embeddable":true,"href":"https:\/\/fabvr.chaireip.fr\/index.php\/wp-json\/wp\/v2\/comments?post=10"}],"version-history":[{"count":55,"href":"https:\/\/fabvr.chaireip.fr\/index.php\/wp-json\/wp\/v2\/pages\/10\/revisions"}],"predecessor-version":[{"id":249,"href":"https:\/\/fabvr.chaireip.fr\/index.php\/wp-json\/wp\/v2\/pages\/10\/revisions\/249"}],"wp:attachment":[{"href":"https:\/\/fabvr.chaireip.fr\/index.php\/wp-json\/wp\/v2\/media?parent=10"}],"curies":[{"name":"wp","href":"https:\/\/api.w.org\/{rel}","templated":true}]}}